{"id":152,"date":"2014-02-02T14:34:23","date_gmt":"2014-02-02T14:34:23","guid":{"rendered":"http:\/\/picabella.ch\/wordpress\/?page_id=152"},"modified":"2017-10-14T21:20:10","modified_gmt":"2017-10-14T21:20:10","slug":"startseite","status":"publish","type":"page","link":"https:\/\/picabella.ch\/wordpress\/","title":{"rendered":"Aloha"},"content":{"rendered":"<p style=\"text-align: center;\">Auf PicaBella findest du liebevoll handgemachte Geschenke und N\u00fctzliches f\u00fcr den Alltag.<\/p>\n<p style=\"text-align: center;\">Die edlen Etag\u00e8ren bereichern jeden Tisch oder erfreuen die Herzen der Beschenkten<br \/>\nund die verspielten Wimpelketten schm\u00fccken jeden Raum und jede Ecke!<\/p>\n<p style=\"text-align: center;\">Bei Interesse an einem meiner Produkte oder f\u00fcr weitere Ausk\u00fcnfte<br \/>\nbin ich unter priska@picabella.ch erreichbar!<\/p>\n<p style=\"text-align: center;\">Viel Spass beim St\u00f6bern, Entdecken, Kaufen und Schenken!<\/p>\n<p style=\"text-align: center;\">\u25ca<\/p>\n<h2 style=\"text-align: center;\"><strong>Adventsmarkt am 2. Dezember 2017 in Gontenschwil<\/strong><\/h2>\n<p style=\"text-align: center;\">Nach l\u00e4ngerer Pause freue ich mich auf den Adventsmarkt in Gontenschwil!<\/p>\n<p style=\"text-align: center;\">Besucht mich und erfreut euch an meinen Kreationen &#8211; vielleicht findet ihr ja noch das eine oder andere Weihnachtsgeschenk \ud83d\ude42<br \/>\nIch freue mich jetzt schon auf viele bekannte Gesichter und nette Gespr\u00e4che.<\/p>\n<p style=\"text-align: center;\">N\u00e4here Infos folgen noch!<\/p>\n<p style=\"text-align: center;\">\u25ca<\/p>\n<p style=\"text-align: center;\"><strong>AKTUELL &#8211; Sch\u00f6ne Weihnachtsgeschenke!<br \/>\n<\/strong><\/p>\n\r\n\t\t<style type='text\/css'>\r\n\t\t\t#gallery-1 {\r\n\t\t\t\tmargin: auto;\r\n\t\t\t}\r\n\t\t\t#gallery-1 .gallery-item {\r\n\t\t\t\tfloat: left;\r\n\t\t\t\tmargin-top: 10px;\r\n\t\t\t\ttext-align: center;\r\n\t\t\t\twidth: 100%;\r\n\t\t\t}\r\n\t\t\t#gallery-1 img {\r\n\t\t\t\tborder: 2px solid #cfcfcf;\r\n\t\t\t}\r\n\t\t\t#gallery-1 .gallery-caption {\r\n\t\t\t\tmargin-left: 0;\r\n\t\t\t}\r\n\t\t<\/style>\r\n\t\t<!-- see gallery_shortcode() in wp-includes\/media.php -->\n\t\t<div id='gallery-1' class='gallery galleryid-152 gallery-columns-1 gallery-size-thumbnail gallery1'><script type=\"text\/javascript\">\r\n\/\/ <![CDATA[\r\n\tjQuery(document).ready(function () {\r\n\t\tjQuery(\".gallery1 a\").attr(\"rel\",\"gallery1\");\t\r\n\t\tjQuery('a[rel=\"gallery1\"]').colorbox({maxWidth:\"95%\", maxHeight:\"95%\",title: function(){ return jQuery(this).children().attr(\"alt\"); }, });\r\n\t});\r\n\/\/ ]]>\r\n<\/script>\n<dl class=\"gallery-item\">\n<dt class=\"gallery-icon\">\r\n<a href=\"https:\/\/picabella.ch\/wordpress\/wp-content\/uploads\/2014\/04\/Stecknadelkissen2-820x1024.jpg\" title=\"\" rel=\"gallery1\"><img src=\"https:\/\/picabella.ch\/wordpress\/wp-content\/uploads\/2014\/04\/Stecknadelkissen2-150x150.jpg\" width=\"150\" height=\"150\" alt=\"\" \/><\/a>\r\n<\/dt><\/dl><br style=\"clear: both\" \/>\r\n\t\t<\/div>\n\n<p>&nbsp;<\/p>\n<h1 style=\"text-align: center;\"><strong><a title=\"Kontakt\" href=\"http:\/\/picabella.ch\/wordpress\/?page_id=92\">&gt; Jetzt bestellen &lt;<\/a><\/strong><\/h1>\n","protected":false},"excerpt":{"rendered":"<p>Auf PicaBella findest du liebevoll handgemachte Geschenke und N\u00fctzliches f\u00fcr den Alltag. Die edlen Etag\u00e8ren bereichern jeden Tisch oder erfreuen die Herzen der Beschenkten und die verspielten Wimpelketten schm\u00fccken jeden Raum und jede Ecke! Bei Interesse an einem meiner Produkte oder f\u00fcr weitere Ausk\u00fcnfte bin ich unter priska@picabella.ch erreichbar! Viel Spass beim St\u00f6bern, Entdecken, Kaufen [&hellip;]<\/p>\n","protected":false},"author":2,"featured_media":0,"parent":0,"menu_order":0,"comment_status":"closed","ping_status":"closed","template":"","meta":{"spay_email":""},"jetpack_sharing_enabled":true,"jetpack_shortlink":"https:\/\/wp.me\/P4sxFb-2s","jetpack_likes_enabled":false,"_links":{"self":[{"href":"https:\/\/picabella.ch\/wordpress\/index.php?rest_route=\/wp\/v2\/pages\/152"}],"collection":[{"href":"https:\/\/picabella.ch\/wordpress\/index.php?rest_route=\/wp\/v2\/pages"}],"about":[{"href":"https:\/\/picabella.ch\/wordpress\/index.php?rest_route=\/wp\/v2\/types\/page"}],"author":[{"embeddable":true,"href":"https:\/\/picabella.ch\/wordpress\/index.php?rest_route=\/wp\/v2\/users\/2"}],"replies":[{"embeddable":true,"href":"https:\/\/picabella.ch\/wordpress\/index.php?rest_route=%2Fwp%2Fv2%2Fcomments&post=152"}],"version-history":[{"count":27,"href":"https:\/\/picabella.ch\/wordpress\/index.php?rest_route=\/wp\/v2\/pages\/152\/revisions"}],"predecessor-version":[{"id":311,"href":"https:\/\/picabella.ch\/wordpress\/index.php?rest_route=\/wp\/v2\/pages\/152\/revisions\/311"}],"wp:attachment":[{"href":"https:\/\/picabella.ch\/wordpress\/index.php?rest_route=%2Fwp%2Fv2%2Fmedia&parent=152"}],"curies":[{"name":"wp","href":"https:\/\/api.w.org\/{rel}","templated":true}]}}