{"id":166,"date":"2014-02-02T14:51:03","date_gmt":"2014-02-02T14:51:03","guid":{"rendered":"http:\/\/picabella.ch\/wordpress\/?page_id=166"},"modified":"2014-02-02T17:06:52","modified_gmt":"2014-02-02T17:06:52","slug":"schluesselanhaenger","status":"publish","type":"page","link":"https:\/\/picabella.ch\/wordpress\/?page_id=166","title":{"rendered":"Schl\u00fcsselanh\u00e4nger"},"content":{"rendered":"<p>Die n\u00fctzlichen Schl\u00fcsselanh\u00e4nger lassen sich durch einen Druckknopf \u00f6ffnen. So k\u00f6nnen sie \u00fcberall befestigt werden!\r\n\t\t<style type='text\/css'>\r\n\t\t\t#gallery-1 {\r\n\t\t\t\tmargin: auto;\r\n\t\t\t}\r\n\t\t\t#gallery-1 .gallery-item {\r\n\t\t\t\tfloat: left;\r\n\t\t\t\tmargin-top: 10px;\r\n\t\t\t\ttext-align: center;\r\n\t\t\t\twidth: 33%;\r\n\t\t\t}\r\n\t\t\t#gallery-1 img {\r\n\t\t\t\tborder: 2px solid #cfcfcf;\r\n\t\t\t}\r\n\t\t\t#gallery-1 .gallery-caption {\r\n\t\t\t\tmargin-left: 0;\r\n\t\t\t}\r\n\t\t<\/style>\r\n\t\t<!-- see gallery_shortcode() in wp-includes\/media.php -->\n\t\t<div id='gallery-1' class='gallery galleryid-166 gallery-columns-3 gallery-size-thumbnail gallery1'><script type=\"text\/javascript\">\r\n\/\/ <![CDATA[\r\n\tjQuery(document).ready(function () {\r\n\t\tjQuery(\".gallery1 a\").attr(\"rel\",\"gallery1\");\t\r\n\t\tjQuery('a[rel=\"gallery1\"]').colorbox({maxWidth:\"95%\", maxHeight:\"95%\",title: function(){ return jQuery(this).children().attr(\"alt\"); }, });\r\n\t});\r\n\/\/ ]]>\r\n<\/script>\n<dl class=\"gallery-item\">\n<dt class=\"gallery-icon\">\r\n<a href=\"https:\/\/picabella.ch\/wordpress\/wp-content\/uploads\/2013\/12\/IMG_4025-e1391352581994-820x1024.jpg\" title=\"\" rel=\"gallery1\"><img src=\"https:\/\/picabella.ch\/wordpress\/wp-content\/uploads\/2013\/12\/IMG_4025-e1391352581994-150x150.jpg\" width=\"150\" height=\"150\" alt=\"\" \/><\/a>\r\n<\/dt><\/dl>\r\n\t\t\t<br style='clear: both' \/>\r\n\t\t<\/div>\n<\/p>\n<p>&nbsp;<\/p>\n","protected":false},"excerpt":{"rendered":"<p>Die n\u00fctzlichen Schl\u00fcsselanh\u00e4nger lassen sich durch einen Druckknopf \u00f6ffnen. So k\u00f6nnen sie \u00fcberall befestigt werden! &nbsp;<\/p>\n","protected":false},"author":2,"featured_media":0,"parent":0,"menu_order":0,"comment_status":"open","ping_status":"open","template":"","meta":{"spay_email":""},"jetpack_sharing_enabled":true,"jetpack_shortlink":"https:\/\/wp.me\/P4sxFb-2G","jetpack_likes_enabled":false,"_links":{"self":[{"href":"https:\/\/picabella.ch\/wordpress\/index.php?rest_route=\/wp\/v2\/pages\/166"}],"collection":[{"href":"https:\/\/picabella.ch\/wordpress\/index.php?rest_route=\/wp\/v2\/pages"}],"about":[{"href":"https:\/\/picabella.ch\/wordpress\/index.php?rest_route=\/wp\/v2\/types\/page"}],"author":[{"embeddable":true,"href":"https:\/\/picabella.ch\/wordpress\/index.php?rest_route=\/wp\/v2\/users\/2"}],"replies":[{"embeddable":true,"href":"https:\/\/picabella.ch\/wordpress\/index.php?rest_route=%2Fwp%2Fv2%2Fcomments&post=166"}],"version-history":[{"count":3,"href":"https:\/\/picabella.ch\/wordpress\/index.php?rest_route=\/wp\/v2\/pages\/166\/revisions"}],"predecessor-version":[{"id":186,"href":"https:\/\/picabella.ch\/wordpress\/index.php?rest_route=\/wp\/v2\/pages\/166\/revisions\/186"}],"wp:attachment":[{"href":"https:\/\/picabella.ch\/wordpress\/index.php?rest_route=%2Fwp%2Fv2%2Fmedia&parent=166"}],"curies":[{"name":"wp","href":"https:\/\/api.w.org\/{rel}","templated":true}]}}