{"id":23,"date":"2013-12-27T01:07:04","date_gmt":"2013-12-27T01:07:04","guid":{"rendered":"http:\/\/picabella.ch\/wordpress\/?page_id=23"},"modified":"2017-10-14T21:42:49","modified_gmt":"2017-10-14T21:42:49","slug":"etageren","status":"publish","type":"page","link":"https:\/\/picabella.ch\/wordpress\/?page_id=23","title":{"rendered":"Etag\u00e8ren"},"content":{"rendered":"<p style=\"text-align: center;\">Die wundersch\u00f6nen Etag\u00e8ren schm\u00fccken jede Nische und lassen sich schnell mit Kleinigkeiten bef\u00fcllen f\u00fcr den Kaffee oder Teebesuch.<\/p>\n\r\n\t\t<style type='text\/css'>\r\n\t\t\t#gallery-1 {\r\n\t\t\t\tmargin: auto;\r\n\t\t\t}\r\n\t\t\t#gallery-1 .gallery-item {\r\n\t\t\t\tfloat: left;\r\n\t\t\t\tmargin-top: 10px;\r\n\t\t\t\ttext-align: center;\r\n\t\t\t\twidth: 33%;\r\n\t\t\t}\r\n\t\t\t#gallery-1 img {\r\n\t\t\t\tborder: 2px solid #cfcfcf;\r\n\t\t\t}\r\n\t\t\t#gallery-1 .gallery-caption {\r\n\t\t\t\tmargin-left: 0;\r\n\t\t\t}\r\n\t\t<\/style>\r\n\t\t<!-- see gallery_shortcode() in wp-includes\/media.php -->\n\t\t<div id='gallery-1' class='gallery galleryid-23 gallery-columns-3 gallery-size-thumbnail gallery1'><script type=\"text\/javascript\">\r\n\/\/ <![CDATA[\r\n\tjQuery(document).ready(function () {\r\n\t\tjQuery(\".gallery1 a\").attr(\"rel\",\"gallery1\");\t\r\n\t\tjQuery('a[rel=\"gallery1\"]').colorbox({maxWidth:\"95%\", maxHeight:\"95%\",title: function(){ return jQuery(this).children().attr(\"alt\"); }, });\r\n\t});\r\n\/\/ ]]>\r\n<\/script>\n<dl class=\"gallery-item\">\n<dt class=\"gallery-icon\">\r\n<a href=\"https:\/\/picabella.ch\/wordpress\/wp-content\/uploads\/2013\/12\/IMG_4024-1024x768.jpg\" title=\"\" rel=\"gallery1\"><img src=\"https:\/\/picabella.ch\/wordpress\/wp-content\/uploads\/2013\/12\/IMG_4024-e1391345182676-150x150.jpg\" width=\"150\" height=\"150\" alt=\"\" \/><\/a>\r\n<\/dt><\/dl><dl class=\"gallery-item\">\n<dt class=\"gallery-icon\">\r\n<a href=\"https:\/\/picabella.ch\/wordpress\/wp-content\/uploads\/2014\/02\/20140202-133703.jpg\" title=\"\" rel=\"gallery1\"><img src=\"https:\/\/picabella.ch\/wordpress\/wp-content\/uploads\/2014\/02\/20140202-133703-150x150.jpg\" width=\"150\" height=\"150\" alt=\"\" \/><\/a>\r\n<\/dt><\/dl><dl class=\"gallery-item\">\n<dt class=\"gallery-icon\">\r\n<a href=\"https:\/\/picabella.ch\/wordpress\/wp-content\/uploads\/2014\/02\/20140202-133653.jpg\" title=\"\" rel=\"gallery1\"><img src=\"https:\/\/picabella.ch\/wordpress\/wp-content\/uploads\/2014\/02\/20140202-133653-150x150.jpg\" width=\"150\" height=\"150\" alt=\"\" \/><\/a>\r\n<\/dt><\/dl><br style=\"clear: both\" \/>\r\n\t\t<\/div>\n\n<p>&nbsp;<\/p>\n<p>&nbsp;<\/p>\n","protected":false},"excerpt":{"rendered":"<p>Die wundersch\u00f6nen Etag\u00e8ren schm\u00fccken jede Nische und lassen sich schnell mit Kleinigkeiten bef\u00fcllen f\u00fcr den Kaffee oder Teebesuch. &nbsp; &nbsp;<\/p>\n","protected":false},"author":1,"featured_media":0,"parent":0,"menu_order":0,"comment_status":"closed","ping_status":"closed","template":"","meta":{"spay_email":""},"jetpack_sharing_enabled":true,"jetpack_shortlink":"https:\/\/wp.me\/P4sxFb-n","jetpack_likes_enabled":false,"_links":{"self":[{"href":"https:\/\/picabella.ch\/wordpress\/index.php?rest_route=\/wp\/v2\/pages\/23"}],"collection":[{"href":"https:\/\/picabella.ch\/wordpress\/index.php?rest_route=\/wp\/v2\/pages"}],"about":[{"href":"https:\/\/picabella.ch\/wordpress\/index.php?rest_route=\/wp\/v2\/types\/page"}],"author":[{"embeddable":true,"href":"https:\/\/picabella.ch\/wordpress\/index.php?rest_route=\/wp\/v2\/users\/1"}],"replies":[{"embeddable":true,"href":"https:\/\/picabella.ch\/wordpress\/index.php?rest_route=%2Fwp%2Fv2%2Fcomments&post=23"}],"version-history":[{"count":8,"href":"https:\/\/picabella.ch\/wordpress\/index.php?rest_route=\/wp\/v2\/pages\/23\/revisions"}],"predecessor-version":[{"id":315,"href":"https:\/\/picabella.ch\/wordpress\/index.php?rest_route=\/wp\/v2\/pages\/23\/revisions\/315"}],"wp:attachment":[{"href":"https:\/\/picabella.ch\/wordpress\/index.php?rest_route=%2Fwp%2Fv2%2Fmedia&parent=23"}],"curies":[{"name":"wp","href":"https:\/\/api.w.org\/{rel}","templated":true}]}}