{"id":92,"date":"2013-12-29T08:04:15","date_gmt":"2013-12-29T08:04:15","guid":{"rendered":"http:\/\/picabella.ch\/wordpress\/?page_id=92"},"modified":"2021-03-11T15:15:39","modified_gmt":"2021-03-11T15:15:39","slug":"kontakt","status":"publish","type":"page","link":"https:\/\/picabella.ch\/wordpress\/?page_id=92","title":{"rendered":"Kontakt"},"content":{"rendered":"<p style=\"text-align: center;\"><span style=\"color: #800080;\">\u00a0F\u00fcr Bestellungen, Fragen, Abholen:<\/span><\/p>\n<p style=\"text-align: center;\"><span style=\"color: #800080;\">Priska Ruoss-W\u00fcrgler<br \/>\nBreuschweg 7<br \/>\n5024 K\u00fcttigen<\/span><\/p>\n<p style=\"text-align: center;\"><span style=\"color: #800080;\">\u00a0<\/span><\/p>\n<p style=\"text-align: center;\">\n<p style=\"text-align: center;\">\n","protected":false},"excerpt":{"rendered":"<p>\u00a0F\u00fcr Bestellungen, Fragen, Abholen: Priska Ruoss-W\u00fcrgler Breuschweg 7 5024 K\u00fcttigen \u00a0<\/p>\n","protected":false},"author":1,"featured_media":0,"parent":0,"menu_order":0,"comment_status":"closed","ping_status":"closed","template":"","meta":{"spay_email":""},"jetpack_sharing_enabled":true,"jetpack_shortlink":"https:\/\/wp.me\/P4sxFb-1u","jetpack_likes_enabled":false,"_links":{"self":[{"href":"https:\/\/picabella.ch\/wordpress\/index.php?rest_route=\/wp\/v2\/pages\/92"}],"collection":[{"href":"https:\/\/picabella.ch\/wordpress\/index.php?rest_route=\/wp\/v2\/pages"}],"about":[{"href":"https:\/\/picabella.ch\/wordpress\/index.php?rest_route=\/wp\/v2\/types\/page"}],"author":[{"embeddable":true,"href":"https:\/\/picabella.ch\/wordpress\/index.php?rest_route=\/wp\/v2\/users\/1"}],"replies":[{"embeddable":true,"href":"https:\/\/picabella.ch\/wordpress\/index.php?rest_route=%2Fwp%2Fv2%2Fcomments&post=92"}],"version-history":[{"count":10,"href":"https:\/\/picabella.ch\/wordpress\/index.php?rest_route=\/wp\/v2\/pages\/92\/revisions"}],"predecessor-version":[{"id":773,"href":"https:\/\/picabella.ch\/wordpress\/index.php?rest_route=\/wp\/v2\/pages\/92\/revisions\/773"}],"wp:attachment":[{"href":"https:\/\/picabella.ch\/wordpress\/index.php?rest_route=%2Fwp%2Fv2%2Fmedia&parent=92"}],"curies":[{"name":"wp","href":"https:\/\/api.w.org\/{rel}","templated":true}]}}